{"id":14790,"date":"2025-06-12T14:53:04","date_gmt":"2025-06-12T17:53:04","guid":{"rendered":"https:\/\/zucatoys.com.br\/?post_type=product&#038;p=14790"},"modified":"2025-06-25T15:53:25","modified_gmt":"2025-06-25T18:53:25","slug":"8491-air-fryer-vintage","status":"publish","type":"product","link":"https:\/\/zucatoys.com.br\/v2\/brinquedo\/8491-air-fryer-vintage\/","title":{"rendered":"8491 &#8211; Air Fryer Vintage"},"content":{"rendered":"<p>Com designs divertidos e seguros, os brinquedos de cozinha Zucatoys incentivam o brincar imaginativo, desenvolvem habilidades motoras e proporcionam horas de divers\u00e3o. Perfeitos para presentear ou montar uma mini cozinha em casa, os brinquedos Zucatoys s\u00e3o feitos com materiais de alta qualidade e certificados, garantindo seguran\u00e7a e durabilidade. Encontre agora a variedade de brinquedos Zucatoys que v\u00e3o encantar os pequenos chefs e transformar o momento de brincar em uma experi\u00eancia educativa e divertida!<\/p>\n","protected":false},"excerpt":{"rendered":"<p>Com designs divertidos e seguros, os brinquedos Zucatoys incentivam o brincar imaginativo, desenvolvem habilidades motoras e proporcionam uma experi\u00eancia educativa e divertida!<br \/>\nDimens\u00f5es: 20 x 8,5 x 27 cm<br \/>\nOCP 0098<br \/>\nRegistro 7592\/2023<br \/>\nN\u00e3o recomend\u00e1vel para crian\u00e7as menores de 03 anos por conter partes pequenas que podem ser engolidas ou aspiradas.<\/p>\n","protected":false},"featured_media":14791,"comment_status":"open","ping_status":"closed","template":"","meta":{"_seopress_robots_primary_cat":"none","_seopress_titles_title":"%%post_title%% %%sep%% %%sitetitle%%","_seopress_titles_desc":"Com designs divertidos e seguros, os brinquedos Zucatoys incentivam o brincar imaginativo, desenvolvem habilidades motoras e proporcionam uma experi\u00eancia educativa e divertida!","_seopress_robots_index":""},"product_cat":[74,16],"product_tag":[],"class_list":["post-14790","product","type-product","status-publish","has-post-thumbnail","hentry","product_cat-vintage-collection","product_cat-linha-zucatoys"],"_links":{"self":[{"href":"https:\/\/zucatoys.com.br\/v2\/wp-json\/wp\/v2\/product\/14790","targetHints":{"allow":["GET"]}}],"collection":[{"href":"https:\/\/zucatoys.com.br\/v2\/wp-json\/wp\/v2\/product"}],"about":[{"href":"https:\/\/zucatoys.com.br\/v2\/wp-json\/wp\/v2\/types\/product"}],"replies":[{"embeddable":true,"href":"https:\/\/zucatoys.com.br\/v2\/wp-json\/wp\/v2\/comments?post=14790"}],"wp:featuredmedia":[{"embeddable":true,"href":"https:\/\/zucatoys.com.br\/v2\/wp-json\/wp\/v2\/media\/14791"}],"wp:attachment":[{"href":"https:\/\/zucatoys.com.br\/v2\/wp-json\/wp\/v2\/media?parent=14790"}],"wp:term":[{"taxonomy":"product_cat","embeddable":true,"href":"https:\/\/zucatoys.com.br\/v2\/wp-json\/wp\/v2\/product_cat?post=14790"},{"taxonomy":"product_tag","embeddable":true,"href":"https:\/\/zucatoys.com.br\/v2\/wp-json\/wp\/v2\/product_tag?post=14790"}],"curies":[{"name":"wp","href":"https:\/\/api.w.org\/{rel}","templated":true}]}}