{"id":15091,"date":"2025-06-24T09:44:13","date_gmt":"2025-06-24T12:44:13","guid":{"rendered":"https:\/\/zucatoys.com.br\/?post_type=product&#038;p=15091"},"modified":"2025-06-24T09:58:17","modified_gmt":"2025-06-24T12:58:17","slug":"8539-sanduicheira","status":"publish","type":"product","link":"https:\/\/zucatoys.com.br\/v2\/brinquedo\/8539-sanduicheira\/","title":{"rendered":"8539 &#8211; Sanduicheira"},"content":{"rendered":"<p>Com designs divertidos e seguros, os brinquedos Zucatoys incentivam o brincar imaginativo, desenvolvem habilidades motoras e proporcionam horas de divers\u00e3o. Perfeitos para presentear, os brinquedos Zucatoys s\u00e3o feitos com materiais de alta qualidade e certificados, garantindo seguran\u00e7a e durabilidade. Encontre agora a variedade de brinquedos Zucatoys que v\u00e3o encantar as crian\u00e7as e transformar o momento de brincar em uma experi\u00eancia educativa e divertida!<\/p>\n","protected":false},"excerpt":{"rendered":"<p>Com designs divertidos e seguros, os brinquedos Zucatoys incentivam o brincar imaginativo, desenvolvem habilidades motoras e proporcionam uma experi\u00eancia educativa e divertida!<br \/>\nDimens\u00f5es: 23,4 x 6,4 x 31cm<br \/>\nOCP 0098<br \/>\nRegistro 7593\/2020<br \/>\nN\u00e3o recomend\u00e1vel para crian\u00e7as menores de 03 anos por conter partes pequenas que podem ser engolidas ou aspiradas.<\/p>\n","protected":false},"featured_media":15095,"comment_status":"open","ping_status":"closed","template":"","meta":{"_seopress_robots_primary_cat":"none","_seopress_titles_title":"%%post_title%% %%sep%% %%sitetitle%%","_seopress_titles_desc":"Com designs divertidos e seguros, os brinquedos Zucatoys incentivam o brincar imaginativo, desenvolvem habilidades motoras e proporcionam uma experi\u00eancia educativa e divertida!","_seopress_robots_index":""},"product_cat":[78,55],"product_tag":[],"class_list":["post-15091","product","type-product","status-publish","has-post-thumbnail","hentry","product_cat-embalagem-plastica","product_cat-linha-altimar"],"_links":{"self":[{"href":"https:\/\/zucatoys.com.br\/v2\/wp-json\/wp\/v2\/product\/15091","targetHints":{"allow":["GET"]}}],"collection":[{"href":"https:\/\/zucatoys.com.br\/v2\/wp-json\/wp\/v2\/product"}],"about":[{"href":"https:\/\/zucatoys.com.br\/v2\/wp-json\/wp\/v2\/types\/product"}],"replies":[{"embeddable":true,"href":"https:\/\/zucatoys.com.br\/v2\/wp-json\/wp\/v2\/comments?post=15091"}],"wp:featuredmedia":[{"embeddable":true,"href":"https:\/\/zucatoys.com.br\/v2\/wp-json\/wp\/v2\/media\/15095"}],"wp:attachment":[{"href":"https:\/\/zucatoys.com.br\/v2\/wp-json\/wp\/v2\/media?parent=15091"}],"wp:term":[{"taxonomy":"product_cat","embeddable":true,"href":"https:\/\/zucatoys.com.br\/v2\/wp-json\/wp\/v2\/product_cat?post=15091"},{"taxonomy":"product_tag","embeddable":true,"href":"https:\/\/zucatoys.com.br\/v2\/wp-json\/wp\/v2\/product_tag?post=15091"}],"curies":[{"name":"wp","href":"https:\/\/api.w.org\/{rel}","templated":true}]}}