{"id":15494,"date":"2025-07-02T16:36:23","date_gmt":"2025-07-02T19:36:23","guid":{"rendered":"https:\/\/zucatoys.com.br\/?post_type=product&#038;p=15494"},"modified":"2025-07-16T13:46:39","modified_gmt":"2025-07-16T16:46:39","slug":"8458-palhaco-7-pecas","status":"publish","type":"product","link":"https:\/\/zucatoys.com.br\/v2\/brinquedo\/8458-palhaco-7-pecas\/","title":{"rendered":"8458 &#8211; Palha\u00e7o (7 pe\u00e7as)"},"content":{"rendered":"<p><strong>Construa o Futuro com Blocos de Montar da BLOCZ! <\/strong>Na BLOCZ, acreditamos que brincar \u00e9 uma forma poderosa de aprender e explorar. Nossos blocos de montar s\u00e3o mais do que simples brinquedos s\u00e3o ferramentas de desenvolvimento que estimulam a imagina\u00e7\u00e3o, o racioc\u00ednio l\u00f3gico e a colabora\u00e7\u00e3o, tudo isso com um compromisso firme com o meio ambiente.<\/p>\n<p><strong>\ud83e\udde0 Aprendizado que Brinca<\/strong><br \/>\nPerfeitos para o ensino de conceitos de CTEM (Ci\u00eancia, Tecnologia, Engenharia e Matem\u00e1tica), nossos blocos da BLOCZ s\u00e3o ideais para crian\u00e7as e educadores que buscam estimular a criatividade, a resolu\u00e7\u00e3o de problemas e o pensamento cr\u00edtico desde os primeiros anos de vida.<\/p>\n<p><strong>\u2705 Seguran\u00e7a e Durabilidade<\/strong><br \/>\nNossos brinquedos atendem a rigorosos padr\u00f5es de seguran\u00e7a e s\u00e3o resistentes o suficiente para acompanhar as brincadeiras mais criativas.<\/p>\n<p><strong>Monte. Aprenda. Cres\u00e7a.<\/strong><br \/>\nNa BLOCZ, oferecemos muito mais do que blocos, oferecemos a chave para um futuro mais criativo, colaborativo e sustent\u00e1vel.<\/p>\n","protected":false},"excerpt":{"rendered":"<p>Na Blocz, acreditamos que brincar \u00e9 uma forma poderosa de aprender e explorar. Nossos blocos de montar s\u00e3o mais do que simples brinquedos, s\u00e3o ferramentas de desenvolvimento que estimulam a imagina\u00e7\u00e3o, o racioc\u00ednio l\u00f3gico e a colabora\u00e7\u00e3o.<br \/>\nOCP 0098<br \/>\nRegistro 001183\/2024<br \/>\nN\u00e3o recomend\u00e1vel para crian\u00e7as menores de 03 anos por conter partes pequenas que podem ser engolidas ou aspiradas.<\/p>\n","protected":false},"featured_media":15495,"comment_status":"open","ping_status":"closed","template":"","meta":{"_seopress_robots_primary_cat":"none","_seopress_titles_title":"%%post_title%% %%sep%% %%sitetitle%%","_seopress_titles_desc":"Na Blocz, brincar \u00e9 uma forma poderosa de aprender. Nossos blocos de montar s\u00e3o mais do que brinquedos s\u00e3o ferramentas de desenvolvimento que estimulam a imagina\u00e7\u00e3o.","_seopress_robots_index":""},"product_cat":[117,131],"product_tag":[],"class_list":["post-15494","product","type-product","status-publish","has-post-thumbnail","hentry","product_cat-blocz","product_cat-super-show-bocz"],"_links":{"self":[{"href":"https:\/\/zucatoys.com.br\/v2\/wp-json\/wp\/v2\/product\/15494","targetHints":{"allow":["GET"]}}],"collection":[{"href":"https:\/\/zucatoys.com.br\/v2\/wp-json\/wp\/v2\/product"}],"about":[{"href":"https:\/\/zucatoys.com.br\/v2\/wp-json\/wp\/v2\/types\/product"}],"replies":[{"embeddable":true,"href":"https:\/\/zucatoys.com.br\/v2\/wp-json\/wp\/v2\/comments?post=15494"}],"wp:featuredmedia":[{"embeddable":true,"href":"https:\/\/zucatoys.com.br\/v2\/wp-json\/wp\/v2\/media\/15495"}],"wp:attachment":[{"href":"https:\/\/zucatoys.com.br\/v2\/wp-json\/wp\/v2\/media?parent=15494"}],"wp:term":[{"taxonomy":"product_cat","embeddable":true,"href":"https:\/\/zucatoys.com.br\/v2\/wp-json\/wp\/v2\/product_cat?post=15494"},{"taxonomy":"product_tag","embeddable":true,"href":"https:\/\/zucatoys.com.br\/v2\/wp-json\/wp\/v2\/product_tag?post=15494"}],"curies":[{"name":"wp","href":"https:\/\/api.w.org\/{rel}","templated":true}]}}