{"id":15685,"date":"2025-07-03T17:10:55","date_gmt":"2025-07-03T20:10:55","guid":{"rendered":"https:\/\/zucatoys.com.br\/?post_type=product&#038;p=15685"},"modified":"2025-07-15T14:09:28","modified_gmt":"2025-07-15T17:09:28","slug":"10409-travessa-flow-salmao-25-l","status":"publish","type":"product","link":"https:\/\/zucatoys.com.br\/v2\/brinquedo\/10409-travessa-flow-salmao-25-l\/","title":{"rendered":"10409 Travessa Flow Salm\u00e3o 2,5 l"},"content":{"rendered":"<p>\ud83c\udfe0\u2728 Sua casa, seu estilo. Com Sim Casa, seu dia a dia fica mais leve, pr\u00e1tico e cheio de charme!<br \/>\nNa correria do cotidiano, nada melhor do que ter ao seu lado produtos que unem qualidade, funcionalidade e design inteligente. A Sim Casa nasceu para transformar cada cantinho do seu lar em um espa\u00e7o mais bonito, organizado e funcional do jeito que voc\u00ea merece!<\/p>\n<p>\ud83c\udf74Oferecemos solu\u00e7\u00f5es pr\u00e1ticas para simplificar sua rotina e dar aquele toque especial ao seu ambiente.<\/p>\n<p>\u2705 Produtos resistentes<br \/>\n\u2705 Designs modernos e funcionais<br \/>\n\u2705 Pre\u00e7o justo para caber no seu bolso<br \/>\n\u2705 Tudo pensado com carinho para o seu dia a dia<\/p>\n<p>Utilidade dom\u00e9stica pr\u00e1ticas e cheias de charme<\/p>\n","protected":false},"excerpt":{"rendered":"<p>\ud83c\udfe0\u2728 Sua casa, seu estilo. Com Sim Casa, seu dia a dia fica mais leve, pr\u00e1tico e cheio de charme!<\/p>\n<p>Perfeito para todos os gostos!<\/p>\n","protected":false},"featured_media":15686,"comment_status":"open","ping_status":"closed","template":"","meta":{"_seopress_robots_primary_cat":"none","_seopress_titles_title":"%%post_title%% %%sep%% %%sitetitle%%","_seopress_titles_desc":"Sua casa, seu estilo. Com Sim Casa, seu dia a dia fica mais leve, pr\u00e1tico e cheio de charme! Solu\u00e7\u00f5es pr\u00e1ticas para simplificar sua rotina.","_seopress_robots_index":""},"product_cat":[138,143],"product_tag":[],"class_list":["post-15685","product","type-product","status-publish","has-post-thumbnail","hentry","product_cat-sim-casa","product_cat-travessa-flow-25l"],"_links":{"self":[{"href":"https:\/\/zucatoys.com.br\/v2\/wp-json\/wp\/v2\/product\/15685","targetHints":{"allow":["GET"]}}],"collection":[{"href":"https:\/\/zucatoys.com.br\/v2\/wp-json\/wp\/v2\/product"}],"about":[{"href":"https:\/\/zucatoys.com.br\/v2\/wp-json\/wp\/v2\/types\/product"}],"replies":[{"embeddable":true,"href":"https:\/\/zucatoys.com.br\/v2\/wp-json\/wp\/v2\/comments?post=15685"}],"wp:featuredmedia":[{"embeddable":true,"href":"https:\/\/zucatoys.com.br\/v2\/wp-json\/wp\/v2\/media\/15686"}],"wp:attachment":[{"href":"https:\/\/zucatoys.com.br\/v2\/wp-json\/wp\/v2\/media?parent=15685"}],"wp:term":[{"taxonomy":"product_cat","embeddable":true,"href":"https:\/\/zucatoys.com.br\/v2\/wp-json\/wp\/v2\/product_cat?post=15685"},{"taxonomy":"product_tag","embeddable":true,"href":"https:\/\/zucatoys.com.br\/v2\/wp-json\/wp\/v2\/product_tag?post=15685"}],"curies":[{"name":"wp","href":"https:\/\/api.w.org\/{rel}","templated":true}]}}